{"id":1541,"date":"2017-05-31T15:29:15","date_gmt":"2017-05-31T13:29:15","guid":{"rendered":"https:\/\/www.hplv-vezelay.com\/?page_id=1541\/"},"modified":"2024-02-01T15:14:18","modified_gmt":"2024-02-01T14:14:18","slug":"gastronomic-restaurant","status":"publish","type":"page","link":"https:\/\/www.hplv-vezelay.com\/en\/gastronomic-restaurant\/","title":{"rendered":"Gastronomic restaurant"},"content":{"rendered":"<div class=\"wpb-content-wrapper\"><p>[vc_row full_width=&#8221;stretch_row&#8221; css=&#8221;.vc_custom_1603294122958{border-bottom-width: 10px !important;padding-top: 200px !important;padding-bottom: 200px !important;background-image: url(https:\/\/www.hplv-vezelay.com\/wp-content\/uploads\/2020\/10\/CBR200915-180-scaled.jpg?id=2863) !important;background-position: center !important;background-repeat: no-repeat !important;background-size: cover !important;border-bottom-color: #e8e5da !important;border-bottom-style: solid !important;}&#8221;][vc_column css=&#8221;.vc_custom_1494260957672{padding-top: 0px !important;}&#8221;][\/vc_column][\/vc_row][vc_row full_width=&#8221;stretch_row&#8221; css=&#8221;.vc_custom_1601905771017{background-position: center !important;background-repeat: no-repeat !important;background-size: cover !important;}&#8221; el_class=&#8221;bloc-page&#8221;][vc_column][vc_column_text css=&#8221;.vc_custom_1601400942789{background-color: #ffffff !important;}&#8221; el_class=&#8221;titre-page&#8221;]<\/p>\n<h1 style=\"text-align: center;\">Le restaurant L&#8217;Eternel<\/h1>\n<p>[\/vc_column_text][\/vc_column][\/vc_row][vc_row content_placement=&#8221;middle&#8221; css=&#8221;.vc_custom_1601901647819{margin-top: 60px !important;margin-bottom: 60px !important;background-position: center !important;background-repeat: no-repeat !important;background-size: cover !important;}&#8221;][vc_column width=&#8221;1\/2&#8243; offset=&#8221;vc_col-lg-5&#8243;][vc_single_image image=&#8221;2782&#8243; img_size=&#8221;large&#8221;][\/vc_column][vc_column width=&#8221;1\/2&#8243; offset=&#8221;vc_col-lg-offset-1&#8243;][vc_column_text css=&#8221;.vc_custom_1648484034699{margin-bottom: 60px !important;}&#8221;]<\/p>\n<h2>L\u2019esprit de la nouvelle table\u00a0<em>L\u2019\u00c9ternel<\/em><\/h2>\n<p>&nbsp;<\/p>\n<p>Pour rappeler l\u2019histoire de cet ancien Relais de Poste, \u00e9difi\u00e9 il y a plus de 200 ans, la famille Livry &#8211; Level a fait confiance au talent du Chef Eric BALAN.<\/p>\n<p>Dans un cadre raffin\u00e9 revisitant avec gr\u00e2ce l\u2019esprit Art D\u00e9co, l\u2019\u00e9quipe vous accueille avec un service attentionn\u00e9 pour vous offrir une exp\u00e9rience inoubliable.<\/p>\n<p>Une gastronomie fran\u00e7aise de qualit\u00e9 mais avec le d\u00e9sir d\u2019offrir \u00e0 nos h\u00f4tes une ambiance d\u00e9contract\u00e9e sur la\u00a0Colline Eternelle.[\/vc_column_text][vc_raw_html]JTNDYSUyMHN0eWxlJTNEJTIydGV4dC1kZWNvcmF0aW9uJTNBbm9uZSUzQiUyMiUyMGhyZWYlM0QlMjJodHRwcyUzQSUyRiUyRm1vZHVsZS5sYWZvdXJjaGV0dGUuY29tJTJGZnJfRlIlMkZtb2R1bGUlMkYzMDQwMDUtOTk5OGIlMjIlMjB0YXJnZXQlM0QlMjJfYmxhbmslMjIlM0UlM0NidXR0b24lMjBjbGFzcyUzRCUyMnJlc2VydmVyLWJ0bi1wYWdlJTIyJTNFQk9PSyUyMEElMjBUQUJMRSUzQyUyRmJ1dHRvbiUzRSUzQyUyRmElM0U=[\/vc_raw_html][\/vc_column][\/vc_row][vc_row full_width=&#8221;stretch_row&#8221; content_placement=&#8221;middle&#8221; css=&#8221;.vc_custom_1603291789299{margin-bottom: 30px !important;padding-top: 60px !important;padding-bottom: 60px !important;}&#8221;][vc_column width=&#8221;1\/2&#8243; css=&#8221;.vc_custom_1603291847965{margin-right: 60px !important;padding-top: 0px !important;}&#8221;][vc_column_text css=&#8221;.vc_custom_1603292048662{margin-bottom: 30px !important;}&#8221;]<\/p>\n<h1 class=\"p1\" style=\"text-align: left;\"><em>Le chef Eric Balan et son \u00e9quipe vous souhaitent un agr\u00e9able moment dans ce lieu d&#8217;Histoire<\/em><\/h1>\n<p>[\/vc_column_text][\/vc_column][vc_column width=&#8221;5\/12&#8243; offset=&#8221;vc_col-lg-offset-1&#8243;][vc_single_image image=&#8221;2740&#8243; img_size=&#8221;large&#8221;][\/vc_column][\/vc_row][vc_row content_placement=&#8221;middle&#8221; css=&#8221;.vc_custom_1601901647819{margin-top: 60px !important;margin-bottom: 60px !important;background-position: center !important;background-repeat: no-repeat !important;background-size: cover !important;}&#8221;][vc_column width=&#8221;1\/2&#8243; offset=&#8221;vc_col-lg-5&#8243;][vc_single_image image=&#8221;2810&#8243; img_size=&#8221;large&#8221;][\/vc_column][vc_column width=&#8221;1\/2&#8243; offset=&#8221;vc_col-lg-offset-1&#8243;][vc_column_text]Fait du hasard, pour la deuxi\u00e8mes fois le Chef Eric Balan se retrouve sur le chemin des p\u00e8lerins apr\u00e8s de nombreuses exp\u00e9riences, en France et \u00e0 l\u2019\u00e9tranger, o\u00f9 il a su apprendre de ses pairs.<\/p>\n<p>Aujourd\u2019hui \u00e0 V\u00e9zelay, il vous propose avec son \u00e9quipe une balade toute en douceur entre terre et\u00a0 mer, une histoire d\u2019amour des produits, compos\u00e9s aux rythmes des saveurs, une palette de couleurs de textures et de mati\u00e8res, un savoureux jeu d\u2019\u00e9quilibre.<\/p>\n<p>Au gr\u00e9 de ses vadrouilles, au bord de la Cure ou dans les for\u00eats du Morvan, et dans le jardin potager de l\u2019h\u00f4tel\u00a0 le Chef Eric Balan vous cuisine sa cueillette du jour<\/p>\n<p>Laissez-vous guider sur le sentier culinaire du Chef.<\/p>\n<p>La carte s\u2019ouvre\u00a0 sur un \u00e9ventail de\u00a0<u>suggestions <\/u>\u00a0qui subliment les produits frais de nos campagnes dans la grande tradition de la gastronomie fran\u00e7aise.[\/vc_column_text][\/vc_column][\/vc_row][vc_row css=&#8221;.vc_custom_1601905454457{padding-top: 60px !important;padding-bottom: 60px !important;}&#8221;][vc_column][vc_column_text css=&#8221;.vc_custom_1648484125318{margin-bottom: 30px !important;}&#8221;]<\/p>\n<h1 style=\"text-align: center;\">D\u00e9couvrez la carte du restaurant<\/h1>\n<p>[\/vc_column_text][vc_raw_html]JTNDZGl2JTIwc3R5bGUlM0QlMjJ0ZXh0LWFsaWduJTNBY2VudGVyJTIyJTNFJTBBJTNDYSUyMHN0eWxlJTNEJTIydGV4dC1kZWNvcmF0aW9uJTNBbm9uZSUzQiUyMiUyMGhyZWYlM0QlMjJjYXJ0ZXMtbWVudXMlMjIlM0UlM0NidXR0b24lMjBjbGFzcyUzRCUyMnJlc2VydmVyLWJ0bi1wYWdlJTIyJTNFTUVOVVMlM0MlMkZidXR0b24lM0UlM0MlMkZhJTNFJTBBJTNDYSUyMHN0eWxlJTNEJTIydGV4dC1kZWNvcmF0aW9uJTNBbm9uZSUzQiUyMiUyMGhyZWYlM0QlMjJodHRwcyUzQSUyRiUyRm1vZHVsZS5sYWZvdXJjaGV0dGUuY29tJTJGZnJfRlIlMkZtb2R1bGUlMkYzMDQwMDUtOTk5OGIlMjIlMjB0YXJnZXQlM0QlMjJfYmxhbmslMjIlM0UlM0NidXR0b24lMjBjbGFzcyUzRCUyMnJlc2VydmVyLWJ0bi1wYWdlJTIyJTNFQk9PSyUyMEElMjBUQUJMRSUzQyUyRmJ1dHRvbiUzRSUzQyUyRmElM0UlMEElM0MlMkZkaXYlM0U=[\/vc_raw_html][\/vc_column][\/vc_row][vc_row full_width=&#8221;stretch_row&#8221; css=&#8221;.vc_custom_1601904051593{margin-bottom: 60px !important;}&#8221;][vc_column width=&#8221;1\/2&#8243; css=&#8221;.vc_custom_1494265210337{padding-top: 0px !important;}&#8221;][vc_single_image image=&#8221;2806&#8243; img_size=&#8221;large&#8221;][\/vc_column][vc_column width=&#8221;1\/2&#8243; css=&#8221;.vc_custom_1494265203482{padding-top: 0px !important;}&#8221;][vc_single_image image=&#8221;2800&#8243; img_size=&#8221;large&#8221;][\/vc_column][\/vc_row][vc_row full_width=&#8221;stretch_row&#8221; css=&#8221;.vc_custom_1601903253593{border-top-width: 0px !important;padding-top: 60px !important;padding-bottom: 120px !important;background-image: url(https:\/\/www.hplv-vezelay.com\/wp-content\/uploads\/2020\/10\/hplv-restaurant-3.jpg?id=2803) !important;background-position: center !important;background-repeat: no-repeat !important;background-size: cover !important;border-top-color: #ebebeb !important;border-top-style: solid !important;}&#8221;][vc_column width=&#8221;1\/2&#8243;][vc_column_text css=&#8221;.vc_custom_1706796843001{border-top-width: 5px !important;border-right-width: 5px !important;border-left-width: 5px !important;padding-top: 15px !important;padding-right: 15px !important;padding-bottom: 15px !important;padding-left: 15px !important;background-color: #ffffff !important;border-left-color: #e8e5da !important;border-left-style: solid !important;border-right-color: #e8e5da !important;border-right-style: solid !important;border-top-color: #e8e5da !important;border-top-style: solid !important;}&#8221; el_class=&#8221;titre-offre&#8221;]<\/p>\n<h2>Escapade Gourmande en Bourgogne<\/h2>\n<p>Profitez de notre terrasse ou de nos salles \u00e0 manger pour d\u00e9couvrir notre cuisine gastronomique.<br \/>\nChambre classique double avec un d\u00eener gourmet et le petit d\u00e9jeuner.<\/p>\n<p>Pour 2 personnes \u00e0 partir de <strong>305<\/strong><b>\u00a0\u20ac<\/b>[\/vc_column_text][vc_raw_html css=&#8221;.vc_custom_1500367509978{border-top-width: 1px !important;border-right-width: 5px !important;border-bottom-width: 5px !important;border-left-width: 5px !important;padding-top: 15px !important;padding-right: 15px !important;padding-bottom: 15px !important;padding-left: 15px !important;background-color: #ffffff !important;border-left-color: #e8e5da !important;border-left-style: solid !important;border-right-color: #e8e5da !important;border-right-style: solid !important;border-top-color: #e8e5da !important;border-top-style: solid !important;border-bottom-color: #e8e5da !important;border-bottom-style: solid !important;}&#8221;]JTNDYSUyMGhyZWYlM0QlMjJodHRwcyUzQSUyRiUyRnd3dy5zZWN1cmUtaG90ZWwtYm9va2luZy5jb20lMkZzbWFydCUyRkhQTFYtSG90ZWwtZGUtbGEtUG9zdGUtZXQtZHUtTGlvbi1kLW9yJTJGMjVHMyUyRmZyJTIyJTNFJTNDYnV0dG9uJTIwY2xhc3MlM0QlMjJyZXNlcnZlci1idG4tcGFnZSUyMiUzRVJFU0VSVkVSJTNDJTJGYnV0dG9uJTNFJTNDJTJGYSUzRSUzQ2ElMjBzdHlsZSUzRCUyMm1hcmdpbi1sZWZ0JTNBMTBweCUyMiUyMGhyZWYlM0QlMjIlMkZvZmZyZXMtc3BlY2lhbGVzJTIyJTNFVG91dGVzJTIwbGVzJTIwb2ZmcmVzJTNDJTJGYSUzRQ==[\/vc_raw_html][\/vc_column][vc_column width=&#8221;1\/2&#8243;][vc_column_text css=&#8221;.vc_custom_1706796850867{border-top-width: 5px !important;border-right-width: 5px !important;border-left-width: 5px !important;padding-top: 15px !important;padding-right: 15px !important;padding-bottom: 15px !important;padding-left: 15px !important;background-color: #ffffff !important;border-left-color: #e8e5da !important;border-left-style: solid !important;border-right-color: #e8e5da !important;border-right-style: solid !important;border-top-color: #e8e5da !important;border-top-style: solid !important;}&#8221; el_class=&#8221;titre-offre&#8221;]<\/p>\n<h2>Escapade Gastronomique<\/h2>\n<p>Laissez-vous guider sur le sentier culinaire du chef.<br \/>\nBalade entre Terre et Mer compos\u00e9e de 6 services.<br \/>\nEn chambre classique double petit-d\u00e9jeuner inclus, d\u00eener clin d\u2019\u0153il.<\/p>\n<p>Pour deux personnes \u00e0 partir de\u00a0<b>399 \u20ac<\/b>[\/vc_column_text][vc_raw_html css=&#8221;.vc_custom_1500367517653{border-top-width: 1px !important;border-right-width: 5px !important;border-bottom-width: 5px !important;border-left-width: 5px !important;padding-top: 15px !important;padding-right: 15px !important;padding-bottom: 15px !important;padding-left: 15px !important;background-color: #ffffff !important;border-left-color: #e8e5da !important;border-left-style: solid !important;border-right-color: #e8e5da !important;border-right-style: solid !important;border-top-color: #e8e5da !important;border-top-style: solid !important;border-bottom-color: #e8e5da !important;border-bottom-style: solid !important;}&#8221;]JTNDYSUyMGhyZWYlM0QlMjJodHRwcyUzQSUyRiUyRnd3dy5zZWN1cmUtaG90ZWwtYm9va2luZy5jb20lMkZzbWFydCUyRkhQTFYtSG90ZWwtZGUtbGEtUG9zdGUtZXQtZHUtTGlvbi1kLW9yJTJGMjVHMyUyRmZyJTIyJTNFJTNDYnV0dG9uJTIwY2xhc3MlM0QlMjJyZXNlcnZlci1idG4tcGFnZSUyMiUzRVJFU0VSVkVSJTNDJTJGYnV0dG9uJTNFJTNDJTJGYSUzRSUzQ2ElMjBzdHlsZSUzRCUyMm1hcmdpbi1sZWZ0JTNBMTBweCUyMiUyMGhyZWYlM0QlMjIlMkZvZmZyZXMtc3BlY2lhbGVzJTIyJTNFVG91dGVzJTIwbGVzJTIwb2ZmcmVzJTNDJTJGYSUzRQ==[\/vc_raw_html][\/vc_column][\/vc_row][vc_row content_placement=&#8221;middle&#8221; css=&#8221;.vc_custom_1601901647819{margin-top: 60px !important;margin-bottom: 60px !important;background-position: center !important;background-repeat: no-repeat !important;background-size: cover !important;}&#8221;][vc_column width=&#8221;1\/2&#8243; offset=&#8221;vc_col-lg-5&#8243;][vc_single_image image=&#8221;2881&#8243; img_size=&#8221;large&#8221;][\/vc_column][vc_column width=&#8221;1\/2&#8243; offset=&#8221;vc_col-lg-offset-1&#8243;][vc_column_text]<\/p>\n<h2 style=\"text-align: center;\">Pour vos \u00e9v\u00e9nements, anniversaire, f\u00eates , bapt\u00eame, cocktail, n\u2019h\u00e9sitez pas \u00e0 nous contacter pour nous faire part de vos souhaits.<\/h2>\n<p>[\/vc_column_text][vc_btn title=&#8221;Contact&#8221; shape=&#8221;square&#8221; color=&#8221;white&#8221; size=&#8221;sm&#8221; align=&#8221;center&#8221; link=&#8221;url:mailto%3Areservation%40hplv-vezelay.com|title:Contact||&#8221;][\/vc_column][\/vc_row][vc_row full_width=&#8221;stretch_row_content_no_spaces&#8221;][vc_column css=&#8221;.vc_custom_1494265210337{padding-top: 0px !important;}&#8221;][vc_single_image image=&#8221;2883&#8243; img_size=&#8221;full&#8221;][\/vc_column][\/vc_row]<\/p>\n<\/div>","protected":false},"excerpt":{"rendered":"<p>[vc_row full_width=&#8221;stretch_row&#8221; css=&#8221;.vc_custom_1603294122958{border-bottom-width: 10px !important;padding-top: 200px !important;padding-bottom: 200px !important;background-image: url(https:\/\/www.hplv-vezelay.com\/wp-content\/uploads\/2020\/10\/CBR200915-180-scaled.jpg?id=2863) !important;background-position: center !important;background-repeat: no-repeat !important;background-size: cover !important;border-bottom-color: #e8e5da !important;border-bottom-style: solid !important;}&#8221;][vc_column css=&#8221;.vc_custom_1494260957672{padding-top: 0px !important;}&#8221;][\/vc_column][\/vc_row][vc_row full_width=&#8221;stretch_row&#8221; css=&#8221;.vc_custom_1601905771017{background-position: center !important;background-repeat: no-repeat !important;background-size: cover !important;}&#8221; el_class=&#8221;bloc-page&#8221;][vc_column][vc_column_text css=&#8221;.vc_custom_1601400942789{background-color: #ffffff !important;}&#8221; el_class=&#8221;titre-page&#8221;] Le restaurant L&#8217;Eternel [\/vc_column_text][\/vc_column][\/vc_row][vc_row content_placement=&#8221;middle&#8221; css=&#8221;.vc_custom_1601901647819{margin-top: 60px !important;margin-bottom: 60px !important;background-position: center !important;background-repeat: no-repeat !important;background-size: cover !important;}&#8221;][vc_column width=&#8221;1\/2&#8243; offset=&#8221;vc_col-lg-5&#8243;][vc_single_image [&hellip;]<\/p>\n","protected":false},"author":1,"featured_media":0,"parent":0,"menu_order":0,"comment_status":"closed","ping_status":"closed","template":"","meta":{"_monsterinsights_skip_tracking":false,"_monsterinsights_sitenote_active":false,"_monsterinsights_sitenote_note":"","_monsterinsights_sitenote_category":0,"footnotes":""},"class_list":["post-1541","page","type-page","status-publish","hentry"],"yoast_head":"<!-- This site is optimized with the Yoast SEO plugin v18.1 - https:\/\/yoast.com\/wordpress\/plugins\/seo\/ -->\n<title>A gastronomic restaurant in V\u00e9zelay, close to Avallon and Auxerre<\/title>\n<meta name=\"description\" content=\"L\u2019Eternal restaurant is a new gastronomic establishment in Burgundy.\" \/>\n<meta name=\"robots\" content=\"index, follow, max-snippet:-1, max-image-preview:large, max-video-preview:-1\" \/>\n<link rel=\"canonical\" href=\"https:\/\/www.hplv-vezelay.com\/en\/gastronomic-restaurant\/\" \/>\n<meta property=\"og:locale\" content=\"en_US\" \/>\n<meta property=\"og:type\" content=\"article\" \/>\n<meta property=\"og:title\" content=\"A gastronomic restaurant in V\u00e9zelay, close to Avallon and Auxerre\" \/>\n<meta property=\"og:description\" content=\"L\u2019Eternal restaurant is a new gastronomic establishment in Burgundy.\" \/>\n<meta property=\"og:url\" content=\"https:\/\/www.hplv-vezelay.com\/en\/gastronomic-restaurant\/\" \/>\n<meta property=\"og:site_name\" content=\"HPLV Vezelay \u00b7 H\u00f4tel de la Poste et du Lion d&#039;Or \u00b7 Site Officiel\" \/>\n<meta property=\"article:publisher\" content=\"http:\/\/hplvvezelay\" \/>\n<meta property=\"article:modified_time\" content=\"2024-02-01T14:14:18+00:00\" \/>\n<meta name=\"twitter:card\" content=\"summary\" \/>\n<meta name=\"twitter:label1\" content=\"Est. reading time\" \/>\n\t<meta name=\"twitter:data1\" content=\"4 minutes\" \/>\n<script type=\"application\/ld+json\" class=\"yoast-schema-graph\">{\"@context\":\"https:\/\/schema.org\",\"@graph\":[{\"@type\":\"WebSite\",\"@id\":\"https:\/\/www.hplv-vezelay.com\/#website\",\"url\":\"https:\/\/www.hplv-vezelay.com\/\",\"name\":\"HPLV Vezelay \u00b7 H\u00f4tel de la Poste et du Lion d&#039;Or \u00b7 Site Officiel\",\"description\":\"\",\"potentialAction\":[{\"@type\":\"SearchAction\",\"target\":{\"@type\":\"EntryPoint\",\"urlTemplate\":\"https:\/\/www.hplv-vezelay.com\/?s={search_term_string}\"},\"query-input\":\"required name=search_term_string\"}],\"inLanguage\":\"en-US\"},{\"@type\":\"WebPage\",\"@id\":\"https:\/\/www.hplv-vezelay.com\/en\/gastronomic-restaurant\/#webpage\",\"url\":\"https:\/\/www.hplv-vezelay.com\/en\/gastronomic-restaurant\/\",\"name\":\"A gastronomic restaurant in V\u00e9zelay, close to Avallon and Auxerre\",\"isPartOf\":{\"@id\":\"https:\/\/www.hplv-vezelay.com\/#website\"},\"datePublished\":\"2017-05-31T13:29:15+00:00\",\"dateModified\":\"2024-02-01T14:14:18+00:00\",\"description\":\"L\u2019Eternal restaurant is a new gastronomic establishment in Burgundy.\",\"breadcrumb\":{\"@id\":\"https:\/\/www.hplv-vezelay.com\/en\/gastronomic-restaurant\/#breadcrumb\"},\"inLanguage\":\"en-US\",\"potentialAction\":[{\"@type\":\"ReadAction\",\"target\":[\"https:\/\/www.hplv-vezelay.com\/en\/gastronomic-restaurant\/\"]}]},{\"@type\":\"BreadcrumbList\",\"@id\":\"https:\/\/www.hplv-vezelay.com\/en\/gastronomic-restaurant\/#breadcrumb\",\"itemListElement\":[{\"@type\":\"ListItem\",\"position\":1,\"name\":\"Accueil\",\"item\":\"https:\/\/www.hplv-vezelay.com\/en\/\"},{\"@type\":\"ListItem\",\"position\":2,\"name\":\"Gastronomic restaurant\"}]}]}<\/script>\n<!-- \/ Yoast SEO plugin. -->","yoast_head_json":{"title":"A gastronomic restaurant in V\u00e9zelay, close to Avallon and Auxerre","description":"L\u2019Eternal restaurant is a new gastronomic establishment in Burgundy.","robots":{"index":"index","follow":"follow","max-snippet":"max-snippet:-1","max-image-preview":"max-image-preview:large","max-video-preview":"max-video-preview:-1"},"canonical":"https:\/\/www.hplv-vezelay.com\/en\/gastronomic-restaurant\/","og_locale":"en_US","og_type":"article","og_title":"A gastronomic restaurant in V\u00e9zelay, close to Avallon and Auxerre","og_description":"L\u2019Eternal restaurant is a new gastronomic establishment in Burgundy.","og_url":"https:\/\/www.hplv-vezelay.com\/en\/gastronomic-restaurant\/","og_site_name":"HPLV Vezelay \u00b7 H\u00f4tel de la Poste et du Lion d&#039;Or \u00b7 Site Officiel","article_publisher":"http:\/\/hplvvezelay","article_modified_time":"2024-02-01T14:14:18+00:00","twitter_card":"summary","twitter_misc":{"Est. reading time":"4 minutes"},"schema":{"@context":"https:\/\/schema.org","@graph":[{"@type":"WebSite","@id":"https:\/\/www.hplv-vezelay.com\/#website","url":"https:\/\/www.hplv-vezelay.com\/","name":"HPLV Vezelay \u00b7 H\u00f4tel de la Poste et du Lion d&#039;Or \u00b7 Site Officiel","description":"","potentialAction":[{"@type":"SearchAction","target":{"@type":"EntryPoint","urlTemplate":"https:\/\/www.hplv-vezelay.com\/?s={search_term_string}"},"query-input":"required name=search_term_string"}],"inLanguage":"en-US"},{"@type":"WebPage","@id":"https:\/\/www.hplv-vezelay.com\/en\/gastronomic-restaurant\/#webpage","url":"https:\/\/www.hplv-vezelay.com\/en\/gastronomic-restaurant\/","name":"A gastronomic restaurant in V\u00e9zelay, close to Avallon and Auxerre","isPartOf":{"@id":"https:\/\/www.hplv-vezelay.com\/#website"},"datePublished":"2017-05-31T13:29:15+00:00","dateModified":"2024-02-01T14:14:18+00:00","description":"L\u2019Eternal restaurant is a new gastronomic establishment in Burgundy.","breadcrumb":{"@id":"https:\/\/www.hplv-vezelay.com\/en\/gastronomic-restaurant\/#breadcrumb"},"inLanguage":"en-US","potentialAction":[{"@type":"ReadAction","target":["https:\/\/www.hplv-vezelay.com\/en\/gastronomic-restaurant\/"]}]},{"@type":"BreadcrumbList","@id":"https:\/\/www.hplv-vezelay.com\/en\/gastronomic-restaurant\/#breadcrumb","itemListElement":[{"@type":"ListItem","position":1,"name":"Accueil","item":"https:\/\/www.hplv-vezelay.com\/en\/"},{"@type":"ListItem","position":2,"name":"Gastronomic restaurant"}]}]}},"_links":{"self":[{"href":"https:\/\/www.hplv-vezelay.com\/en\/wp-json\/wp\/v2\/pages\/1541","targetHints":{"allow":["GET"]}}],"collection":[{"href":"https:\/\/www.hplv-vezelay.com\/en\/wp-json\/wp\/v2\/pages"}],"about":[{"href":"https:\/\/www.hplv-vezelay.com\/en\/wp-json\/wp\/v2\/types\/page"}],"author":[{"embeddable":true,"href":"https:\/\/www.hplv-vezelay.com\/en\/wp-json\/wp\/v2\/users\/1"}],"replies":[{"embeddable":true,"href":"https:\/\/www.hplv-vezelay.com\/en\/wp-json\/wp\/v2\/comments?post=1541"}],"version-history":[{"count":29,"href":"https:\/\/www.hplv-vezelay.com\/en\/wp-json\/wp\/v2\/pages\/1541\/revisions"}],"predecessor-version":[{"id":4182,"href":"https:\/\/www.hplv-vezelay.com\/en\/wp-json\/wp\/v2\/pages\/1541\/revisions\/4182"}],"wp:attachment":[{"href":"https:\/\/www.hplv-vezelay.com\/en\/wp-json\/wp\/v2\/media?parent=1541"}],"curies":[{"name":"wp","href":"https:\/\/api.w.org\/{rel}","templated":true}]}}