{"id":1550,"date":"2017-04-28T21:13:10","date_gmt":"2017-04-28T19:13:10","guid":{"rendered":"https:\/\/www.hplv-vezelay.com\/?page_id=1550\/"},"modified":"2025-10-28T18:29:49","modified_gmt":"2025-10-28T17:29:49","slug":"services-prestations","status":"publish","type":"page","link":"https:\/\/www.hplv-vezelay.com\/en\/services-prestations\/","title":{"rendered":"Services &#038; prestations"},"content":{"rendered":"<div class=\"wpb-content-wrapper\"><p>[vc_row full_width=&#8221;stretch_row_content_no_spaces&#8221; css=&#8221;.vc_custom_1601400143712{margin-bottom: 10px !important;padding-top: 200px !important;padding-bottom: 200px !important;background-image: url(https:\/\/www.hplv-vezelay.com\/wp-content\/uploads\/2020\/09\/CBR200711-308-WEB.jpg?id=2694) !important;background-position: center !important;background-repeat: no-repeat !important;background-size: cover !important;}&#8221;][vc_column css=&#8221;.vc_custom_1494928296927{background-position: center !important;background-repeat: no-repeat !important;background-size: cover !important;}&#8221;][\/vc_column][\/vc_row][vc_row full_width=&#8221;stretch_row&#8221; el_class=&#8221;bloc-page&#8221; css=&#8221;.vc_custom_1494928370974{margin-bottom: 60px !important;}&#8221;][vc_column css=&#8221;.vc_custom_1494608259477{background-position: center !important;background-repeat: no-repeat !important;background-size: cover !important;}&#8221;][vc_column_text css=&#8221;.vc_custom_1647982399869{background-color: #ffffff !important;}&#8221; el_class=&#8221;titre-page&#8221;]<\/p>\n<h1 style=\"text-align: center;\">Services &amp; Amenities<\/h1>\n<p>[\/vc_column_text][\/vc_column][\/vc_row][vc_row css=&#8221;.vc_custom_1612877841396{margin-top: 60px !important;}&#8221;][vc_column][vc_column_text]<\/p>\n<h2 style=\"text-align: center;\">Services<\/h2>\n<p>[\/vc_column_text][\/vc_column][\/vc_row][vc_row css=&#8221;.vc_custom_1612876583744{margin-top: 30px !important;margin-bottom: 60px !important;}&#8221; el_id=&#8221;icones-recrutement&#8221;][vc_column width=&#8221;1\/4&#8243;][vc_single_image image=&#8221;3591&#8243; img_size=&#8221;170&#215;170&#8243; alignment=&#8221;center&#8221; css=&#8221;.vc_custom_1647982758006{margin-bottom: 30px !important;}&#8221;][vc_column_text]<\/p>\n<p style=\"text-align: center;\">Accommodation<\/p>\n<p>[\/vc_column_text][\/vc_column][vc_column width=&#8221;1\/4&#8243;][vc_single_image image=&#8221;3596&#8243; img_size=&#8221;170&#215;170&#8243; alignment=&#8221;center&#8221; css=&#8221;.vc_custom_1647982918377{margin-bottom: 30px !important;}&#8221;][vc_column_text]<\/p>\n<p style=\"text-align: center;\">Catering<\/p>\n<p>[\/vc_column_text][\/vc_column][vc_column width=&#8221;1\/4&#8243;][vc_single_image image=&#8221;3598&#8243; img_size=&#8221;170&#215;170&#8243; alignment=&#8221;center&#8221; css=&#8221;.vc_custom_1647982940352{margin-bottom: 30px !important;}&#8221;][vc_column_text]<\/p>\n<p style=\"text-align: center;\">Bar<\/p>\n<p>[\/vc_column_text][\/vc_column][vc_column width=&#8221;1\/4&#8243;][vc_single_image image=&#8221;3600&#8243; img_size=&#8221;170&#215;170&#8243; alignment=&#8221;center&#8221; css=&#8221;.vc_custom_1647982958463{margin-bottom: 30px !important;}&#8221;][vc_column_text]<\/p>\n<p style=\"text-align: center;\">Seminars &amp; Events<\/p>\n<p>[\/vc_column_text][\/vc_column][\/vc_row][vc_row css=&#8221;.vc_custom_1612876593810{margin-top: 30px !important;margin-bottom: 60px !important;}&#8221; el_id=&#8221;icones-recrutement&#8221;][vc_column width=&#8221;1\/4&#8243;][vc_single_image image=&#8221;3602&#8243; img_size=&#8221;170&#215;170&#8243; alignment=&#8221;center&#8221; css=&#8221;.vc_custom_1647982975503{margin-bottom: 30px !important;}&#8221;][vc_column_text]<\/p>\n<p style=\"text-align: center;\">Wedding receptions<\/p>\n<p>[\/vc_column_text][\/vc_column][vc_column width=&#8221;1\/4&#8243;][vc_single_image image=&#8221;3604&#8243; img_size=&#8221;170&#215;170&#8243; alignment=&#8221;center&#8221; css=&#8221;.vc_custom_1647982991826{margin-bottom: 30px !important;}&#8221;][vc_column_text]<\/p>\n<p style=\"text-align: center;\">Event evenings<\/p>\n<p>[\/vc_column_text][\/vc_column][vc_column width=&#8221;1\/4&#8243;][\/vc_column][vc_column width=&#8221;1\/4&#8243;][\/vc_column][\/vc_row][vc_row css=&#8221;.vc_custom_1612877848293{margin-top: 60px !important;}&#8221;][vc_column][vc_column_text]<\/p>\n<h2 style=\"text-align: center;\">Amenities<\/h2>\n<p>[\/vc_column_text][\/vc_column][\/vc_row][vc_row css=&#8221;.vc_custom_1612876600408{margin-top: 30px !important;margin-bottom: 60px !important;}&#8221; el_id=&#8221;icones-recrutement&#8221;][vc_column width=&#8221;1\/4&#8243;][vc_single_image image=&#8221;3606&#8243; img_size=&#8221;170&#215;170&#8243; alignment=&#8221;center&#8221; css=&#8221;.vc_custom_1647983012832{margin-bottom: 30px !important;}&#8221;][vc_column_text]<\/p>\n<p style=\"text-align: center;\">38 rooms including 2 junior suites, 1 suite<\/p>\n<p>[\/vc_column_text][\/vc_column][vc_column width=&#8221;1\/4&#8243;][vc_single_image image=&#8221;3608&#8243; img_size=&#8221;170&#215;170&#8243; alignment=&#8221;center&#8221; css=&#8221;.vc_custom_1647983033198{margin-bottom: 30px !important;}&#8221;][vc_column_text]<\/p>\n<p style=\"text-align: center;\">2 rooms for disabled person<\/p>\n<p>[\/vc_column_text][\/vc_column][vc_column width=&#8221;1\/4&#8243;][vc_single_image image=&#8221;3610&#8243; img_size=&#8221;170&#215;170&#8243; alignment=&#8221;center&#8221; css=&#8221;.vc_custom_1647983049708{margin-bottom: 30px !important;}&#8221;][vc_column_text]<\/p>\n<p style=\"text-align: center;\">Air conditioning<\/p>\n<p>[\/vc_column_text][\/vc_column][vc_column width=&#8221;1\/4&#8243;][vc_single_image image=&#8221;3612&#8243; img_size=&#8221;170&#215;170&#8243; alignment=&#8221;center&#8221; css=&#8221;.vc_custom_1647983069357{margin-bottom: 30px !important;}&#8221;][vc_column_text]<\/p>\n<p style=\"text-align: center;\">Gourmet restaurant<\/p>\n<p>[\/vc_column_text][\/vc_column][\/vc_row][vc_row css=&#8221;.vc_custom_1612876606117{margin-top: 30px !important;margin-bottom: 60px !important;}&#8221; el_id=&#8221;icones-recrutement&#8221;][vc_column width=&#8221;1\/4&#8243;][vc_single_image image=&#8221;3614&#8243; img_size=&#8221;170&#215;170&#8243; alignment=&#8221;center&#8221; css=&#8221;.vc_custom_1647983089865{margin-bottom: 30px !important;}&#8221;][vc_column_text]<\/p>\n<p style=\"text-align: center;\">Meeting room<\/p>\n<p>[\/vc_column_text][\/vc_column][vc_column width=&#8221;1\/4&#8243;][vc_single_image image=&#8221;3616&#8243; img_size=&#8221;170&#215;170&#8243; alignment=&#8221;center&#8221; css=&#8221;.vc_custom_1647983108490{margin-bottom: 30px !important;}&#8221;][vc_column_text]<\/p>\n<p style=\"text-align: center;\">Terraces<\/p>\n<p>[\/vc_column_text][\/vc_column][vc_column width=&#8221;1\/4&#8243;][vc_single_image image=&#8221;3618&#8243; img_size=&#8221;170&#215;170&#8243; alignment=&#8221;center&#8221; css=&#8221;.vc_custom_1647983127472{margin-bottom: 30px !important;}&#8221;][vc_column_text]<\/p>\n<p style=\"text-align: center;\">Magnificent garden with a view on the Morvan<\/p>\n<p>[\/vc_column_text][\/vc_column][vc_column width=&#8221;1\/4&#8243;][vc_single_image image=&#8221;3620&#8243; img_size=&#8221;170&#215;170&#8243; alignment=&#8221;center&#8221; css=&#8221;.vc_custom_1647983145249{margin-bottom: 30px !important;}&#8221;][vc_column_text]<\/p>\n<p style=\"text-align: center;\">4 secure parking spaces, on request, chargeable<\/p>\n<p>[\/vc_column_text][\/vc_column][\/vc_row][vc_row css=&#8221;.vc_custom_1612877855998{margin-top: 60px !important;}&#8221;][vc_column][vc_column_text]<\/p>\n<h2 style=\"text-align: center;\">Equipements<\/h2>\n<p>[\/vc_column_text][\/vc_column][\/vc_row][vc_row css=&#8221;.vc_custom_1612876612816{margin-top: 30px !important;margin-bottom: 60px !important;}&#8221; el_id=&#8221;icones-recrutement&#8221;][vc_column width=&#8221;1\/4&#8243;][vc_single_image image=&#8221;3622&#8243; img_size=&#8221;170&#215;170&#8243; alignment=&#8221;center&#8221; css=&#8221;.vc_custom_1647983168705{margin-bottom: 30px !important;}&#8221;][vc_column_text]<\/p>\n<p style=\"text-align: center;\">Lift \/ Elevator<\/p>\n<p>[\/vc_column_text][\/vc_column][vc_column width=&#8221;1\/4&#8243;][vc_single_image image=&#8221;3624&#8243; img_size=&#8221;170&#215;170&#8243; alignment=&#8221;center&#8221; css=&#8221;.vc_custom_1647983188918{margin-bottom: 30px !important;}&#8221;][vc_column_text]<\/p>\n<p style=\"text-align: center;\">Left-luggage office<\/p>\n<p>[\/vc_column_text][\/vc_column][vc_column width=&#8221;1\/4&#8243;][vc_single_image image=&#8221;3626&#8243; img_size=&#8221;170&#215;170&#8243; alignment=&#8221;center&#8221; css=&#8221;.vc_custom_1647983210335{margin-bottom: 30px !important;}&#8221;][vc_column_text]<\/p>\n<p style=\"text-align: center;\">Concierge service<\/p>\n<p>[\/vc_column_text][\/vc_column][vc_column width=&#8221;1\/4&#8243;][vc_single_image image=&#8221;3628&#8243; img_size=&#8221;170&#215;170&#8243; alignment=&#8221;center&#8221; css=&#8221;.vc_custom_1647983228497{margin-bottom: 30px !important;}&#8221;][vc_column_text]<\/p>\n<p style=\"text-align: center;\">Baby-sitting on request<\/p>\n<p>[\/vc_column_text][\/vc_column][\/vc_row][vc_row css=&#8221;.vc_custom_1761672417432{margin-top: 30px !important;margin-bottom: 60px !important;}&#8221; el_id=&#8221;icones-recrutement&#8221;][vc_column width=&#8221;1\/4&#8243;][vc_single_image image=&#8221;4374&#8243; img_size=&#8221;170&#215;170&#8243; alignment=&#8221;center&#8221; css=&#8221;.vc_custom_1761672373015{margin-bottom: 30px !important;}&#8221;][vc_column_text]<\/p>\n<div id=\"tw-container\" class=\"nev7se\" data-cp=\"1\" data-nnttsvi=\"1\" data-sletp=\"false\" data-sm=\"1\" data-ssbp=\"false\" data-sugg-time=\"500\" data-sugg-url=\"https:\/\/clients1.google.com\/complete\/search\" data-uilc=\"fr\" data-vil=\",af,af-ZA,am,am-ET,ar-EG,ar-AE,ar-KW,ar-QA,ar,ar-IL,ar-JO,ar-LB,ar-PS,az,az-AZ,bg,bg-BG,bn,bn-BD,bn-IN,ca,ca-es,cs,cs-CZ,de,de-DE,de-CH,de-AT,de-LI,en,en-US,en-CA,en-AU,en-NZ,en-GB,en-IN,en-KE,en-TZ,en-NG,en-GH,en-PH,en-ZA,es,es-ES,es-AR,es-UY,es-419,es-BO,es-CL,es-CR,es-CO,es-DO,es-EC,es-GT,es-HN,es-NI,es-PA,es-PE,es-PR,es-PY,es-SV,es-VE,es-MX,es-US,eu,eu-ES,fi,fi-FI,fr,fr-FR,fr-CH,fr-BE,gl,gl-ES,gu,gu-IN,he,he-IL,iw,iw-IL,hu,hu-HU,hy,hy-AM,id,id-ID,is,is-IS,it,it-IT,it-CH,ja,ja-JP,jv,jv-ID,ka,ka-GE,km,km-KH,kn,kn-IN,ko,ko-KR,la,lo,lo-LA,lv,lv-LV,ml,ml-IN,mr,mr-IN,ms,ms-MY,nl,nl-NL,nb,nb-NO,ne,ne-NP,pl,pl-PL,pt,pt-BR,pt-PT,ro,ro-RO,ru,ru-RU,si-LK,sk,sk-SK,sr,sr-RS,su,su-ID,sv,sv-SE,sw,sw-TZ,sw-KE,ta,ta-IN,ta-SG,ta-LK,ta-MY,te,te-IN,tr,tr-TR,ur,ur-PK,ur-IN,yue,yue-HK,yue-Hant-HK,zh-HK,zh,zh-CN,zh-cmn,zh-cmn-CN,zh-Hans,zh-Hans-CN,zh-cmn-Hans,zh-cmn-Hans-CN,cmn-CN,cmn-Hans,cmn-Hans-CN,zh-TW,zh-Hant-TW,cmn-TW,cmn-Hant-TW,zh-cmn-TW,zh-cmn-Hant-TW,zu,zu-ZA,hi,hi-IN,tl,tl-PH,pa,pa-IN\">\n<div>\n<div>\n<div id=\"tw-ob\" class=\"tw-src-ltr\">\n<div class=\"oSioSc\">\n<div id=\"tw-target\">\n<div id=\"kAz1tf\" class=\"g9WsWb PZPZlf\" data-attrid=\"tw-targetArea\" data-entityname=\"Google Translate\">\n<div id=\"tw-target-text-container\" class=\"tw-ta-container tw-nfl\" tabindex=\"0\" role=\"text\">\n<p id=\"tw-target-text\" class=\"tw-data-text tw-text-large tw-ta\" dir=\"ltr\" style=\"text-align: center;\" tabindex=\"-1\" role=\"text\" data-placeholder=\"Traduction\" data-ved=\"2ahUKEwiJzfSytceQAxUFRKQEHYnDCWwQ3ewLegQICRAV\" aria-label=\"Texte traduit\u00a0: electric bike charging\"><span class=\"Y2IQFc\" lang=\"en\">Electric bike charging<\/span><\/p>\n<\/div>\n<\/div>\n<\/div>\n<\/div>\n<\/div>\n<\/div>\n<\/div>\n<\/div>\n<p>[\/vc_column_text][\/vc_column][vc_column width=&#8221;1\/4&#8243;][vc_single_image image=&#8221;4372&#8243; img_size=&#8221;170&#215;170&#8243; alignment=&#8221;center&#8221; css=&#8221;.vc_custom_1761672384141{margin-bottom: 30px !important;}&#8221;][vc_column_text]<\/p>\n<p style=\"text-align: center;\">Dry cleaning<\/p>\n<p>[\/vc_column_text][\/vc_column][vc_column width=&#8221;1\/4&#8243;][vc_single_image image=&#8221;4378&#8243; img_size=&#8221;170&#215;170&#8243; alignment=&#8221;center&#8221; css=&#8221;.vc_custom_1761672397344{margin-bottom: 30px !important;}&#8221;][vc_column_text]<\/p>\n<div id=\"tw-container\" class=\"nev7se\" data-cp=\"1\" data-nnttsvi=\"1\" data-sletp=\"false\" data-sm=\"1\" data-ssbp=\"false\" data-sugg-time=\"500\" data-sugg-url=\"https:\/\/clients1.google.com\/complete\/search\" data-uilc=\"fr\" data-vil=\",af,af-ZA,am,am-ET,ar-EG,ar-AE,ar-KW,ar-QA,ar,ar-IL,ar-JO,ar-LB,ar-PS,az,az-AZ,bg,bg-BG,bn,bn-BD,bn-IN,ca,ca-es,cs,cs-CZ,de,de-DE,de-CH,de-AT,de-LI,en,en-US,en-CA,en-AU,en-NZ,en-GB,en-IN,en-KE,en-TZ,en-NG,en-GH,en-PH,en-ZA,es,es-ES,es-AR,es-UY,es-419,es-BO,es-CL,es-CR,es-CO,es-DO,es-EC,es-GT,es-HN,es-NI,es-PA,es-PE,es-PR,es-PY,es-SV,es-VE,es-MX,es-US,eu,eu-ES,fi,fi-FI,fr,fr-FR,fr-CH,fr-BE,gl,gl-ES,gu,gu-IN,he,he-IL,iw,iw-IL,hu,hu-HU,hy,hy-AM,id,id-ID,is,is-IS,it,it-IT,it-CH,ja,ja-JP,jv,jv-ID,ka,ka-GE,km,km-KH,kn,kn-IN,ko,ko-KR,la,lo,lo-LA,lv,lv-LV,ml,ml-IN,mr,mr-IN,ms,ms-MY,nl,nl-NL,nb,nb-NO,ne,ne-NP,pl,pl-PL,pt,pt-BR,pt-PT,ro,ro-RO,ru,ru-RU,si-LK,sk,sk-SK,sr,sr-RS,su,su-ID,sv,sv-SE,sw,sw-TZ,sw-KE,ta,ta-IN,ta-SG,ta-LK,ta-MY,te,te-IN,tr,tr-TR,ur,ur-PK,ur-IN,yue,yue-HK,yue-Hant-HK,zh-HK,zh,zh-CN,zh-cmn,zh-cmn-CN,zh-Hans,zh-Hans-CN,zh-cmn-Hans,zh-cmn-Hans-CN,cmn-CN,cmn-Hans,cmn-Hans-CN,zh-TW,zh-Hant-TW,cmn-TW,cmn-Hant-TW,zh-cmn-TW,zh-cmn-Hant-TW,zu,zu-ZA,hi,hi-IN,tl,tl-PH,pa,pa-IN\">\n<div>\n<div>\n<div id=\"tw-ob\" class=\"tw-src-ltr\">\n<div class=\"oSioSc\">\n<div id=\"tw-target\">\n<div id=\"kAz1tf\" class=\"g9WsWb PZPZlf\" data-attrid=\"tw-targetArea\" data-entityname=\"Google Translate\">\n<div id=\"tw-target-text-container\" class=\"tw-ta-container tw-nfl\" tabindex=\"0\" role=\"text\">\n<p id=\"tw-target-text\" class=\"tw-data-text tw-text-large tw-ta\" dir=\"ltr\" style=\"text-align: center;\" tabindex=\"-1\" role=\"text\" data-placeholder=\"Traduction\" data-ved=\"2ahUKEwiJzfSytceQAxUFRKQEHYnDCWwQ3ewLegQICRAV\" aria-label=\"Texte traduit\u00a0: bicycle garage\"><span class=\"Y2IQFc\" lang=\"en\">Bicycle garage<\/span><\/p>\n<\/div>\n<\/div>\n<\/div>\n<\/div>\n<\/div>\n<div><\/div>\n<\/div>\n<\/div>\n<\/div>\n<p>[\/vc_column_text][\/vc_column][vc_column width=&#8221;1\/4&#8243;][vc_single_image image=&#8221;4382&#8243; img_size=&#8221;170&#215;170&#8243; alignment=&#8221;center&#8221; css=&#8221;.vc_custom_1761672405708{margin-bottom: 30px !important;}&#8221;][vc_column_text]<\/p>\n<p id=\"tw-target-text\" class=\"tw-data-text tw-text-large tw-ta\" dir=\"ltr\" tabindex=\"-1\" role=\"text\" data-placeholder=\"Traduction\" data-ved=\"2ahUKEwiJzfSytceQAxUFRKQEHYnDCWwQ3ewLegQICRAV\" aria-label=\"Texte traduit\u00a0: open 24 hours a day, high season\"><span class=\"Y2IQFc\" lang=\"en\">Open 24 hours a day during high season<\/span><\/p>\n<p>[\/vc_column_text][\/vc_column][\/vc_row][vc_row css=&#8221;.vc_custom_1761672423437{margin-top: 30px !important;margin-bottom: 60px !important;}&#8221; el_id=&#8221;icones-recrutement&#8221;][vc_column width=&#8221;1\/4&#8243;][vc_single_image image=&#8221;4380&#8243; img_size=&#8221;170&#215;170&#8243; alignment=&#8221;center&#8221; css=&#8221;.vc_custom_1761672437320{margin-bottom: 30px !important;}&#8221;][vc_column_text]<\/p>\n<p style=\"text-align: center;\">In room breakfast<\/p>\n<p>[\/vc_column_text][\/vc_column][\/vc_row][vc_row][vc_column][vc_empty_space height=&#8221;100px&#8221;][\/vc_column][\/vc_row]<\/p>\n<\/div>","protected":false},"excerpt":{"rendered":"<p>[vc_row full_width=&#8221;stretch_row_content_no_spaces&#8221; css=&#8221;.vc_custom_1601400143712{margin-bottom: 10px !important;padding-top: 200px !important;padding-bottom: 200px !important;background-image: url(https:\/\/www.hplv-vezelay.com\/wp-content\/uploads\/2020\/09\/CBR200711-308-WEB.jpg?id=2694) !important;background-position: center !important;background-repeat: no-repeat !important;background-size: cover !important;}&#8221;][vc_column css=&#8221;.vc_custom_1494928296927{background-position: center !important;background-repeat: no-repeat !important;background-size: cover !important;}&#8221;][\/vc_column][\/vc_row][vc_row full_width=&#8221;stretch_row&#8221; el_class=&#8221;bloc-page&#8221; css=&#8221;.vc_custom_1494928370974{margin-bottom: 60px !important;}&#8221;][vc_column css=&#8221;.vc_custom_1494608259477{background-position: center !important;background-repeat: no-repeat !important;background-size: cover !important;}&#8221;][vc_column_text css=&#8221;.vc_custom_1647982399869{background-color: #ffffff !important;}&#8221; el_class=&#8221;titre-page&#8221;] Services &amp; Amenities [\/vc_column_text][\/vc_column][\/vc_row][vc_row css=&#8221;.vc_custom_1612877841396{margin-top: 60px !important;}&#8221;][vc_column][vc_column_text] Services [\/vc_column_text][\/vc_column][\/vc_row][vc_row css=&#8221;.vc_custom_1612876583744{margin-top: 30px !important;margin-bottom: 60px !important;}&#8221; el_id=&#8221;icones-recrutement&#8221;][vc_column [&hellip;]<\/p>\n","protected":false},"author":1,"featured_media":0,"parent":0,"menu_order":0,"comment_status":"closed","ping_status":"closed","template":"","meta":{"_monsterinsights_skip_tracking":false,"_monsterinsights_sitenote_active":false,"_monsterinsights_sitenote_note":"","_monsterinsights_sitenote_category":0,"footnotes":""},"class_list":["post-1550","page","type-page","status-publish","hentry"],"yoast_head":"<!-- This site is optimized with the Yoast SEO plugin v18.1 - https:\/\/yoast.com\/wordpress\/plugins\/seo\/ -->\n<title>Services et prestations de l&#039;h\u00f4tel de la Poste et du Lion d&#039;Or V\u00e9zelay<\/title>\n<meta name=\"description\" content=\"R\u00e9server un h\u00f4tel 3 \u00e9toiles \u00e0 V\u00e9zelay en Bourgogne \u00e0 2 h 30 de Paris \u00e0 45 minutes d\u2019Auxerre \u00e0 25 minutes d\u2019Avallon, Aux portes du parc national du Morvan.\" \/>\n<meta name=\"robots\" content=\"index, follow, max-snippet:-1, max-image-preview:large, max-video-preview:-1\" \/>\n<link rel=\"canonical\" href=\"https:\/\/www.hplv-vezelay.com\/en\/services-prestations\/\" \/>\n<meta property=\"og:locale\" content=\"en_US\" \/>\n<meta property=\"og:type\" content=\"article\" \/>\n<meta property=\"og:title\" content=\"Services et prestations de l&#039;h\u00f4tel de la Poste et du Lion d&#039;Or V\u00e9zelay\" \/>\n<meta property=\"og:description\" content=\"R\u00e9server un h\u00f4tel 3 \u00e9toiles \u00e0 V\u00e9zelay en Bourgogne \u00e0 2 h 30 de Paris \u00e0 45 minutes d\u2019Auxerre \u00e0 25 minutes d\u2019Avallon, Aux portes du parc national du Morvan.\" \/>\n<meta property=\"og:url\" content=\"https:\/\/www.hplv-vezelay.com\/en\/services-prestations\/\" \/>\n<meta property=\"og:site_name\" content=\"HPLV Vezelay \u00b7 H\u00f4tel de la Poste et du Lion d&#039;Or \u00b7 Site Officiel\" \/>\n<meta property=\"article:publisher\" content=\"http:\/\/hplvvezelay\" \/>\n<meta property=\"article:modified_time\" content=\"2025-10-28T17:29:49+00:00\" \/>\n<meta name=\"twitter:card\" content=\"summary\" \/>\n<meta name=\"twitter:label1\" content=\"Est. reading time\" \/>\n\t<meta name=\"twitter:data1\" content=\"2 minutes\" \/>\n<script type=\"application\/ld+json\" class=\"yoast-schema-graph\">{\"@context\":\"https:\/\/schema.org\",\"@graph\":[{\"@type\":\"WebSite\",\"@id\":\"https:\/\/www.hplv-vezelay.com\/#website\",\"url\":\"https:\/\/www.hplv-vezelay.com\/\",\"name\":\"HPLV Vezelay \u00b7 H\u00f4tel de la Poste et du Lion d&#039;Or \u00b7 Site Officiel\",\"description\":\"\",\"potentialAction\":[{\"@type\":\"SearchAction\",\"target\":{\"@type\":\"EntryPoint\",\"urlTemplate\":\"https:\/\/www.hplv-vezelay.com\/?s={search_term_string}\"},\"query-input\":\"required name=search_term_string\"}],\"inLanguage\":\"en-US\"},{\"@type\":\"WebPage\",\"@id\":\"https:\/\/www.hplv-vezelay.com\/en\/services-prestations\/#webpage\",\"url\":\"https:\/\/www.hplv-vezelay.com\/en\/services-prestations\/\",\"name\":\"Services et prestations de l'h\u00f4tel de la Poste et du Lion d'Or V\u00e9zelay\",\"isPartOf\":{\"@id\":\"https:\/\/www.hplv-vezelay.com\/#website\"},\"datePublished\":\"2017-04-28T19:13:10+00:00\",\"dateModified\":\"2025-10-28T17:29:49+00:00\",\"description\":\"R\u00e9server un h\u00f4tel 3 \u00e9toiles \u00e0 V\u00e9zelay en Bourgogne \u00e0 2 h 30 de Paris \u00e0 45 minutes d\u2019Auxerre \u00e0 25 minutes d\u2019Avallon, Aux portes du parc national du Morvan.\",\"breadcrumb\":{\"@id\":\"https:\/\/www.hplv-vezelay.com\/en\/services-prestations\/#breadcrumb\"},\"inLanguage\":\"en-US\",\"potentialAction\":[{\"@type\":\"ReadAction\",\"target\":[\"https:\/\/www.hplv-vezelay.com\/en\/services-prestations\/\"]}]},{\"@type\":\"BreadcrumbList\",\"@id\":\"https:\/\/www.hplv-vezelay.com\/en\/services-prestations\/#breadcrumb\",\"itemListElement\":[{\"@type\":\"ListItem\",\"position\":1,\"name\":\"Accueil\",\"item\":\"https:\/\/www.hplv-vezelay.com\/en\/\"},{\"@type\":\"ListItem\",\"position\":2,\"name\":\"Services &#038; prestations\"}]}]}<\/script>\n<!-- \/ Yoast SEO plugin. -->","yoast_head_json":{"title":"Services et prestations de l'h\u00f4tel de la Poste et du Lion d'Or V\u00e9zelay","description":"R\u00e9server un h\u00f4tel 3 \u00e9toiles \u00e0 V\u00e9zelay en Bourgogne \u00e0 2 h 30 de Paris \u00e0 45 minutes d\u2019Auxerre \u00e0 25 minutes d\u2019Avallon, Aux portes du parc national du Morvan.","robots":{"index":"index","follow":"follow","max-snippet":"max-snippet:-1","max-image-preview":"max-image-preview:large","max-video-preview":"max-video-preview:-1"},"canonical":"https:\/\/www.hplv-vezelay.com\/en\/services-prestations\/","og_locale":"en_US","og_type":"article","og_title":"Services et prestations de l'h\u00f4tel de la Poste et du Lion d'Or V\u00e9zelay","og_description":"R\u00e9server un h\u00f4tel 3 \u00e9toiles \u00e0 V\u00e9zelay en Bourgogne \u00e0 2 h 30 de Paris \u00e0 45 minutes d\u2019Auxerre \u00e0 25 minutes d\u2019Avallon, Aux portes du parc national du Morvan.","og_url":"https:\/\/www.hplv-vezelay.com\/en\/services-prestations\/","og_site_name":"HPLV Vezelay \u00b7 H\u00f4tel de la Poste et du Lion d&#039;Or \u00b7 Site Officiel","article_publisher":"http:\/\/hplvvezelay","article_modified_time":"2025-10-28T17:29:49+00:00","twitter_card":"summary","twitter_misc":{"Est. reading time":"2 minutes"},"schema":{"@context":"https:\/\/schema.org","@graph":[{"@type":"WebSite","@id":"https:\/\/www.hplv-vezelay.com\/#website","url":"https:\/\/www.hplv-vezelay.com\/","name":"HPLV Vezelay \u00b7 H\u00f4tel de la Poste et du Lion d&#039;Or \u00b7 Site Officiel","description":"","potentialAction":[{"@type":"SearchAction","target":{"@type":"EntryPoint","urlTemplate":"https:\/\/www.hplv-vezelay.com\/?s={search_term_string}"},"query-input":"required name=search_term_string"}],"inLanguage":"en-US"},{"@type":"WebPage","@id":"https:\/\/www.hplv-vezelay.com\/en\/services-prestations\/#webpage","url":"https:\/\/www.hplv-vezelay.com\/en\/services-prestations\/","name":"Services et prestations de l'h\u00f4tel de la Poste et du Lion d'Or V\u00e9zelay","isPartOf":{"@id":"https:\/\/www.hplv-vezelay.com\/#website"},"datePublished":"2017-04-28T19:13:10+00:00","dateModified":"2025-10-28T17:29:49+00:00","description":"R\u00e9server un h\u00f4tel 3 \u00e9toiles \u00e0 V\u00e9zelay en Bourgogne \u00e0 2 h 30 de Paris \u00e0 45 minutes d\u2019Auxerre \u00e0 25 minutes d\u2019Avallon, Aux portes du parc national du Morvan.","breadcrumb":{"@id":"https:\/\/www.hplv-vezelay.com\/en\/services-prestations\/#breadcrumb"},"inLanguage":"en-US","potentialAction":[{"@type":"ReadAction","target":["https:\/\/www.hplv-vezelay.com\/en\/services-prestations\/"]}]},{"@type":"BreadcrumbList","@id":"https:\/\/www.hplv-vezelay.com\/en\/services-prestations\/#breadcrumb","itemListElement":[{"@type":"ListItem","position":1,"name":"Accueil","item":"https:\/\/www.hplv-vezelay.com\/en\/"},{"@type":"ListItem","position":2,"name":"Services &#038; prestations"}]}]}},"_links":{"self":[{"href":"https:\/\/www.hplv-vezelay.com\/en\/wp-json\/wp\/v2\/pages\/1550","targetHints":{"allow":["GET"]}}],"collection":[{"href":"https:\/\/www.hplv-vezelay.com\/en\/wp-json\/wp\/v2\/pages"}],"about":[{"href":"https:\/\/www.hplv-vezelay.com\/en\/wp-json\/wp\/v2\/types\/page"}],"author":[{"embeddable":true,"href":"https:\/\/www.hplv-vezelay.com\/en\/wp-json\/wp\/v2\/users\/1"}],"replies":[{"embeddable":true,"href":"https:\/\/www.hplv-vezelay.com\/en\/wp-json\/wp\/v2\/comments?post=1550"}],"version-history":[{"count":17,"href":"https:\/\/www.hplv-vezelay.com\/en\/wp-json\/wp\/v2\/pages\/1550\/revisions"}],"predecessor-version":[{"id":4386,"href":"https:\/\/www.hplv-vezelay.com\/en\/wp-json\/wp\/v2\/pages\/1550\/revisions\/4386"}],"wp:attachment":[{"href":"https:\/\/www.hplv-vezelay.com\/en\/wp-json\/wp\/v2\/media?parent=1550"}],"curies":[{"name":"wp","href":"https:\/\/api.w.org\/{rel}","templated":true}]}}