{"id":1952,"date":"2017-08-25T13:42:21","date_gmt":"2017-08-25T11:42:21","guid":{"rendered":"https:\/\/www.hplv-vezelay.com\/bar-terrasse\/"},"modified":"2025-10-03T10:45:09","modified_gmt":"2025-10-03T08:45:09","slug":"bar-terrasse","status":"publish","type":"page","link":"https:\/\/www.hplv-vezelay.com\/en\/bar-terrasse\/","title":{"rendered":"Bar &#038; Terrasse"},"content":{"rendered":"<div class=\"wpb-content-wrapper\"><p>[vc_row full_width=&#8221;stretch_row&#8221; css=&#8221;.vc_custom_1504277333664{border-bottom-width: 10px !important;padding-top: 200px !important;padding-bottom: 200px !important;background-image: url(https:\/\/www.hplv-vezelay.com\/wp-content\/uploads\/2017\/09\/hplv-terrasse-2.jpg?id=1816) !important;background-position: center !important;background-repeat: no-repeat !important;background-size: cover !important;border-bottom-color: #e8e5da !important;border-bottom-style: solid !important;}&#8221;][vc_column css=&#8221;.vc_custom_1494260957672{padding-top: 0px !important;}&#8221;][\/vc_column][\/vc_row][vc_row full_width=&#8221;stretch_row&#8221; css=&#8221;.vc_custom_1494928148283{background-position: center !important;background-repeat: no-repeat !important;background-size: cover !important;}&#8221; el_class=&#8221;bloc-page&#8221;][vc_column][vc_column_text css=&#8221;.vc_custom_1510676957814{background-color: #ffffff !important;}&#8221; el_class=&#8221;titre-page&#8221;]<\/p>\n<h1 style=\"text-align: center;\">Bar &amp; Terrasse<\/h1>\n<p>[\/vc_column_text][\/vc_column][\/vc_row][vc_row content_placement=&#8221;middle&#8221; css=&#8221;.vc_custom_1612885370198{margin-top: 60px !important;margin-bottom: 60px !important;background-position: center !important;background-repeat: no-repeat !important;background-size: cover !important;}&#8221;][vc_column width=&#8221;2\/3&#8243;][vc_single_image image=&#8221;1835&#8243; img_size=&#8221;full&#8221;][\/vc_column][vc_column width=&#8221;1\/3&#8243;][vc_column_text css=&#8221;.vc_custom_1504280156969{padding-right: 30px !important;padding-left: 30px !important;}&#8221;]<span style=\"font-size: 45px; color: #e8e5da; margin-top: -13px; display: block; font-family: arial;\">\u2014<\/span><br \/>\nDans le Bar esprit lounge, la d\u00e9coration a \u00e9t\u00e9 enti\u00e8rement revue pour inciter \u00e0 la d\u00e9tente et cr\u00e9er une atmosph\u00e8re chaleureuse. La carte vous incite \u00e0 d\u00e9couvrir une s\u00e9lection de cr\u00fbs de la r\u00e9gion de Bourgogne, c\u00e9l\u00e8bre pour ses domaines viticoles et ses grands vins, universellement appr\u00e9ci\u00e9s. L\u2019ambiance musicale du Bar est une invitation au l\u00e2cher prise .<\/p>\n<h2><\/h2>\n<p>[\/vc_column_text][\/vc_column][\/vc_row][vc_row content_placement=&#8221;middle&#8221; css=&#8221;.vc_custom_1682518139799{margin-bottom: 80px !important;}&#8221;][vc_column width=&#8221;1\/2&#8243;][vc_column_text]<\/p>\n<div class=\"page\" title=\"Page 1\">\n<div class=\"layoutArea\">\n<div class=\"column\">\n<h2 style=\"text-align: center;\"><em>Petit d\u00e9jeuner express<\/em><\/h2>\n<p style=\"text-align: center;\">CAFE\u0301 ou THE\u0301 \/ VIENNOISERIE \/ UN VERRE\u00a0 de JUS 9 <strong>\u20ac<\/strong><br \/>\n<em>Disponible au bar de 7h00 a\u0300 11h00.<\/em><\/p>\n<\/div>\n<\/div>\n<\/div>\n<p>[\/vc_column_text][\/vc_column][vc_column width=&#8221;1\/2&#8243;][vc_single_image image=&#8221;3077&#8243; img_size=&#8221;full&#8221;][\/vc_column][\/vc_row][vc_row content_placement=&#8221;middle&#8221; css=&#8221;.vc_custom_1612885386920{margin-bottom: 60px !important;}&#8221;][vc_column width=&#8221;1\/4&#8243;][\/vc_column][vc_column width=&#8221;1\/2&#8243; css=&#8221;.vc_custom_1682517966715{border-top-width: 4px !important;border-right-width: 4px !important;border-bottom-width: 4px !important;border-left-width: 4px !important;padding-top: 40px !important;padding-right: 20px !important;padding-bottom: 40px !important;padding-left: 20px !important;border-left-color: #e8e5da !important;border-left-style: dotted !important;border-right-color: #e8e5da !important;border-right-style: dotted !important;border-top-color: #e8e5da !important;border-top-style: dotted !important;border-bottom-color: #e8e5da !important;border-bottom-style: dotted !important;border-radius: 10px !important;}&#8221;][vc_column_text css=&#8221;.vc_custom_1682518096384{margin-bottom: 30px !important;}&#8221;]<\/p>\n<h1 style=\"text-align: center;\"><em>\u00a0Le Bar <\/em>de la Poste<br \/>\net du Lion d&#8217;Or<\/h1>\n<p>[\/vc_column_text][vc_column_text css=&#8221;.vc_custom_1759481105851{border-top-width: 3px !important;padding-top: 0px !important;padding-right: 0px !important;padding-bottom: 0px !important;padding-left: 0px !important;border-top-color: #e8e5da !important;border-radius: 10px !important;}&#8221;]<\/p>\n<h3 style=\"text-align: center;\">La se\u0301lection du chef de chez Nemrod le sauvage Franc\u0327ais<\/h3>\n<p>&nbsp;<\/p>\n<p style=\"text-align: center;\">TERRINE CERF Sauvage bie\u0300re brune et champignons de Paris 100gr\u00a0 11 \u20ac<\/p>\n<p style=\"text-align: center;\">TERRINE de SANGLIER sauvage a\u0300 la truffe d\u2019e\u0301te\u0301 100gr 13 \u20ac<\/p>\n<h4 style=\"text-align: center;\">_____________<\/h4>\n<p style=\"text-align: center;\">Toastine de maquereaux aux baies roses 90gr Maison le Borvo \u00a011\u20ac<\/p>\n<h4 style=\"text-align: center;\">_____________<\/h4>\n<p style=\"text-align: center;\">Le croque -Monsieur et sa salade 18 \u20ac<\/p>\n<h4 style=\"text-align: center;\">_____________<\/h4>\n<p style=\"text-align: center;\">Assiette de charcuterie 19 \u20ac<\/p>\n<p style=\"text-align: center;\">Assiette de fromage 15 \u20ac<\/p>\n<p style=\"text-align: center;\">_____________<\/p>\n<h3 style=\"text-align: center;\">Les douceurs<\/h3>\n<p style=\"text-align: center;\">P\u00e2tisserie du jour 8\u00a0\u20ac<\/p>\n<p>&nbsp;<\/p>\n<p>Room service available during restaurant opening hours. A \u20ac6 supplement applies.<\/p>\n<p style=\"text-align: center;\">Served exclusively in the bar lounge or on the bar terrace. Prices are net, service and all taxes (VAT) included<\/p>\n<p>[\/vc_column_text][\/vc_column][vc_column width=&#8221;1\/4&#8243;][\/vc_column][\/vc_row][vc_row full_width=&#8221;stretch_row_content_no_spaces&#8221;][vc_column width=&#8221;1\/2&#8243; css=&#8221;.vc_custom_1494265210337{padding-top: 0px !important;}&#8221;][vc_single_image image=&#8221;3079&#8243; img_size=&#8221;full&#8221;][\/vc_column][vc_column width=&#8221;1\/2&#8243; css=&#8221;.vc_custom_1494265203482{padding-top: 0px !important;}&#8221;][vc_single_image image=&#8221;3078&#8243; img_size=&#8221;full&#8221;][\/vc_column][\/vc_row]<\/p>\n<\/div>","protected":false},"excerpt":{"rendered":"<p>[vc_row full_width=&#8221;stretch_row&#8221; css=&#8221;.vc_custom_1504277333664{border-bottom-width: 10px !important;padding-top: 200px !important;padding-bottom: 200px !important;background-image: url(https:\/\/www.hplv-vezelay.com\/wp-content\/uploads\/2017\/09\/hplv-terrasse-2.jpg?id=1816) !important;background-position: center !important;background-repeat: no-repeat !important;background-size: cover !important;border-bottom-color: #e8e5da !important;border-bottom-style: solid !important;}&#8221;][vc_column css=&#8221;.vc_custom_1494260957672{padding-top: 0px !important;}&#8221;][\/vc_column][\/vc_row][vc_row full_width=&#8221;stretch_row&#8221; css=&#8221;.vc_custom_1494928148283{background-position: center !important;background-repeat: no-repeat !important;background-size: cover !important;}&#8221; el_class=&#8221;bloc-page&#8221;][vc_column][vc_column_text css=&#8221;.vc_custom_1510676957814{background-color: #ffffff !important;}&#8221; el_class=&#8221;titre-page&#8221;] Bar &amp; Terrasse [\/vc_column_text][\/vc_column][\/vc_row][vc_row content_placement=&#8221;middle&#8221; css=&#8221;.vc_custom_1612885370198{margin-top: 60px !important;margin-bottom: 60px !important;background-position: center !important;background-repeat: no-repeat !important;background-size: cover !important;}&#8221;][vc_column width=&#8221;2\/3&#8243;][vc_single_image image=&#8221;1835&#8243; [&hellip;]<\/p>\n","protected":false},"author":1,"featured_media":0,"parent":0,"menu_order":0,"comment_status":"closed","ping_status":"closed","template":"","meta":{"_monsterinsights_skip_tracking":false,"_monsterinsights_sitenote_active":false,"_monsterinsights_sitenote_note":"","_monsterinsights_sitenote_category":0,"footnotes":""},"class_list":["post-1952","page","type-page","status-publish","hentry"],"yoast_head":"<!-- This site is optimized with the Yoast SEO plugin v18.1 - https:\/\/yoast.com\/wordpress\/plugins\/seo\/ -->\n<title>Formule Bar &amp; Terrasse<\/title>\n<meta name=\"description\" content=\"S\u00e9lection de boissons, vins de Bourgogne au verre, boissons chaude, bi\u00e8re de V\u00e9zelay, th\u00e9 Nushen, jus, caf\u00e9.\" \/>\n<meta name=\"robots\" content=\"index, follow, max-snippet:-1, max-image-preview:large, max-video-preview:-1\" \/>\n<link rel=\"canonical\" href=\"https:\/\/www.hplv-vezelay.com\/en\/bar-terrasse\/\" \/>\n<meta property=\"og:locale\" content=\"en_US\" \/>\n<meta property=\"og:type\" content=\"article\" \/>\n<meta property=\"og:title\" content=\"Formule Bar &amp; Terrasse\" \/>\n<meta property=\"og:description\" content=\"S\u00e9lection de boissons, vins de Bourgogne au verre, boissons chaude, bi\u00e8re de V\u00e9zelay, th\u00e9 Nushen, jus, caf\u00e9.\" \/>\n<meta property=\"og:url\" content=\"https:\/\/www.hplv-vezelay.com\/en\/bar-terrasse\/\" \/>\n<meta property=\"og:site_name\" content=\"HPLV Vezelay \u00b7 H\u00f4tel de la Poste et du Lion d&#039;Or \u00b7 Site Officiel\" \/>\n<meta property=\"article:publisher\" content=\"http:\/\/hplvvezelay\" \/>\n<meta property=\"article:modified_time\" content=\"2025-10-03T08:45:09+00:00\" \/>\n<meta name=\"twitter:card\" content=\"summary\" \/>\n<meta name=\"twitter:label1\" content=\"Est. reading time\" \/>\n\t<meta name=\"twitter:data1\" content=\"2 minutes\" \/>\n<script type=\"application\/ld+json\" class=\"yoast-schema-graph\">{\"@context\":\"https:\/\/schema.org\",\"@graph\":[{\"@type\":\"WebSite\",\"@id\":\"https:\/\/www.hplv-vezelay.com\/#website\",\"url\":\"https:\/\/www.hplv-vezelay.com\/\",\"name\":\"HPLV Vezelay \u00b7 H\u00f4tel de la Poste et du Lion d&#039;Or \u00b7 Site Officiel\",\"description\":\"\",\"potentialAction\":[{\"@type\":\"SearchAction\",\"target\":{\"@type\":\"EntryPoint\",\"urlTemplate\":\"https:\/\/www.hplv-vezelay.com\/?s={search_term_string}\"},\"query-input\":\"required name=search_term_string\"}],\"inLanguage\":\"en-US\"},{\"@type\":\"WebPage\",\"@id\":\"https:\/\/www.hplv-vezelay.com\/en\/bar-terrasse\/#webpage\",\"url\":\"https:\/\/www.hplv-vezelay.com\/en\/bar-terrasse\/\",\"name\":\"Formule Bar & Terrasse\",\"isPartOf\":{\"@id\":\"https:\/\/www.hplv-vezelay.com\/#website\"},\"datePublished\":\"2017-08-25T11:42:21+00:00\",\"dateModified\":\"2025-10-03T08:45:09+00:00\",\"description\":\"S\u00e9lection de boissons, vins de Bourgogne au verre, boissons chaude, bi\u00e8re de V\u00e9zelay, th\u00e9 Nushen, jus, caf\u00e9.\",\"breadcrumb\":{\"@id\":\"https:\/\/www.hplv-vezelay.com\/en\/bar-terrasse\/#breadcrumb\"},\"inLanguage\":\"en-US\",\"potentialAction\":[{\"@type\":\"ReadAction\",\"target\":[\"https:\/\/www.hplv-vezelay.com\/en\/bar-terrasse\/\"]}]},{\"@type\":\"BreadcrumbList\",\"@id\":\"https:\/\/www.hplv-vezelay.com\/en\/bar-terrasse\/#breadcrumb\",\"itemListElement\":[{\"@type\":\"ListItem\",\"position\":1,\"name\":\"Accueil\",\"item\":\"https:\/\/www.hplv-vezelay.com\/en\/\"},{\"@type\":\"ListItem\",\"position\":2,\"name\":\"Bar &#038; Terrasse\"}]}]}<\/script>\n<!-- \/ Yoast SEO plugin. -->","yoast_head_json":{"title":"Formule Bar & Terrasse","description":"S\u00e9lection de boissons, vins de Bourgogne au verre, boissons chaude, bi\u00e8re de V\u00e9zelay, th\u00e9 Nushen, jus, caf\u00e9.","robots":{"index":"index","follow":"follow","max-snippet":"max-snippet:-1","max-image-preview":"max-image-preview:large","max-video-preview":"max-video-preview:-1"},"canonical":"https:\/\/www.hplv-vezelay.com\/en\/bar-terrasse\/","og_locale":"en_US","og_type":"article","og_title":"Formule Bar & Terrasse","og_description":"S\u00e9lection de boissons, vins de Bourgogne au verre, boissons chaude, bi\u00e8re de V\u00e9zelay, th\u00e9 Nushen, jus, caf\u00e9.","og_url":"https:\/\/www.hplv-vezelay.com\/en\/bar-terrasse\/","og_site_name":"HPLV Vezelay \u00b7 H\u00f4tel de la Poste et du Lion d&#039;Or \u00b7 Site Officiel","article_publisher":"http:\/\/hplvvezelay","article_modified_time":"2025-10-03T08:45:09+00:00","twitter_card":"summary","twitter_misc":{"Est. reading time":"2 minutes"},"schema":{"@context":"https:\/\/schema.org","@graph":[{"@type":"WebSite","@id":"https:\/\/www.hplv-vezelay.com\/#website","url":"https:\/\/www.hplv-vezelay.com\/","name":"HPLV Vezelay \u00b7 H\u00f4tel de la Poste et du Lion d&#039;Or \u00b7 Site Officiel","description":"","potentialAction":[{"@type":"SearchAction","target":{"@type":"EntryPoint","urlTemplate":"https:\/\/www.hplv-vezelay.com\/?s={search_term_string}"},"query-input":"required name=search_term_string"}],"inLanguage":"en-US"},{"@type":"WebPage","@id":"https:\/\/www.hplv-vezelay.com\/en\/bar-terrasse\/#webpage","url":"https:\/\/www.hplv-vezelay.com\/en\/bar-terrasse\/","name":"Formule Bar & Terrasse","isPartOf":{"@id":"https:\/\/www.hplv-vezelay.com\/#website"},"datePublished":"2017-08-25T11:42:21+00:00","dateModified":"2025-10-03T08:45:09+00:00","description":"S\u00e9lection de boissons, vins de Bourgogne au verre, boissons chaude, bi\u00e8re de V\u00e9zelay, th\u00e9 Nushen, jus, caf\u00e9.","breadcrumb":{"@id":"https:\/\/www.hplv-vezelay.com\/en\/bar-terrasse\/#breadcrumb"},"inLanguage":"en-US","potentialAction":[{"@type":"ReadAction","target":["https:\/\/www.hplv-vezelay.com\/en\/bar-terrasse\/"]}]},{"@type":"BreadcrumbList","@id":"https:\/\/www.hplv-vezelay.com\/en\/bar-terrasse\/#breadcrumb","itemListElement":[{"@type":"ListItem","position":1,"name":"Accueil","item":"https:\/\/www.hplv-vezelay.com\/en\/"},{"@type":"ListItem","position":2,"name":"Bar &#038; Terrasse"}]}]}},"_links":{"self":[{"href":"https:\/\/www.hplv-vezelay.com\/en\/wp-json\/wp\/v2\/pages\/1952","targetHints":{"allow":["GET"]}}],"collection":[{"href":"https:\/\/www.hplv-vezelay.com\/en\/wp-json\/wp\/v2\/pages"}],"about":[{"href":"https:\/\/www.hplv-vezelay.com\/en\/wp-json\/wp\/v2\/types\/page"}],"author":[{"embeddable":true,"href":"https:\/\/www.hplv-vezelay.com\/en\/wp-json\/wp\/v2\/users\/1"}],"replies":[{"embeddable":true,"href":"https:\/\/www.hplv-vezelay.com\/en\/wp-json\/wp\/v2\/comments?post=1952"}],"version-history":[{"count":20,"href":"https:\/\/www.hplv-vezelay.com\/en\/wp-json\/wp\/v2\/pages\/1952\/revisions"}],"predecessor-version":[{"id":4354,"href":"https:\/\/www.hplv-vezelay.com\/en\/wp-json\/wp\/v2\/pages\/1952\/revisions\/4354"}],"wp:attachment":[{"href":"https:\/\/www.hplv-vezelay.com\/en\/wp-json\/wp\/v2\/media?parent=1952"}],"curies":[{"name":"wp","href":"https:\/\/api.w.org\/{rel}","templated":true}]}}