{"id":2926,"date":"2020-12-07T16:43:45","date_gmt":"2020-12-07T15:43:45","guid":{"rendered":"https:\/\/www.hplv-vezelay.com\/chambre-deluxe\/"},"modified":"2023-12-01T12:56:48","modified_gmt":"2023-12-01T11:56:48","slug":"chambre-deluxe","status":"publish","type":"page","link":"https:\/\/www.hplv-vezelay.com\/en\/chambre-deluxe\/","title":{"rendered":"Chambre Deluxe"},"content":{"rendered":"<div class=\"wpb-content-wrapper\"><p>[vc_row full_width=&#8221;stretch_row_content_no_spaces&#8221; css=&#8221;.vc_custom_1486488184520{margin-right: 0px !important;margin-left: 0px !important;padding-right: 0px !important;padding-left: 0px !important;}&#8221;][vc_column width=&#8221;1\/2&#8243; css=&#8221;.vc_custom_1486549794313{margin-top: 0px !important;padding-right: 10px !important;padding-left: 10px !important;}&#8221; el_class=&#8221;fixed-column mCustomScrollbar&#8221;][vc_raw_html css=&#8221;.vc_custom_1486984008989{margin-top: 35px !important;margin-bottom: 10px !important;}&#8221;]JTNDYSUyMGNsYXNzJTNEJTIybWluaS1saW5rJTIyJTIwaHJlZiUzRCUyMiUyRmNoYW1icmVzJTIyJTNFdG91dGVzJTIwbGVzJTIwY2hhbWJyZXMlM0MlMkZhJTNF[\/vc_raw_html][vc_column_text css=&#8221;.vc_custom_1699438327775{margin-right: 0px !important;margin-bottom: 30px !important;margin-left: 0px !important;padding-right: 0px !important;padding-left: 0px !important;}&#8221; el_class=&#8221;chambre-list&#8221;]<\/p>\n<h1>Chambre Deluxe \u00e0 grand lit ou \u00e0 2 lits<\/h1>\n<p>Jolie chambre spacieuse et lumineuse de 24 m2 pour une \u00e0 deux personnes offrant une vue sur le village de V\u00e9zelay.<\/p>\n<ul>\n<li>Lit Queen size (160&#215;200) ou 2 lits simples (90&#215;200)<\/li>\n<li>Espace bureau<\/li>\n<li>Balcon<\/li>\n<li>Climatisation<\/li>\n<li>Chauffage<\/li>\n<li>Salle de bain priv\u00e9e avec baignoire ou douche<\/li>\n<li>S\u00e8che -cheveux<\/li>\n<li>Connexion haut d\u00e9bit, wifi gratuit<\/li>\n<li>T\u00e9l\u00e9viseur \u00e0 \u00e9cran plat<\/li>\n<li>T\u00e9l\u00e9phone<\/li>\n<li>Plateau de courtoisie\u00a0: eau min\u00e9rale, th\u00e9 et caf\u00e9.<\/li>\n<li>Mini Bar<\/li>\n<li>Coffre fort<\/li>\n<li>Non-fumeur<\/li>\n<\/ul>\n<p>[\/vc_column_text][vc_raw_html]JTNDYSUyMGhyZWYlM0QlMjJodHRwcyUzQSUyRiUyRnd3dy5zZWN1cmUtaG90ZWwtYm9va2luZy5jb20lMkZIUExWLUhvdGVsLWRlLWxhLVBvc3RlLWV0LWR1LUxpb24tZC1vciUyRjI1RzMlMkZkYXRlc2VsZWN0aW9uJTNGbGFuZ3VhZ2UlM0RmciUyMiUzRSUzQ2J1dHRvbiUyMGNsYXNzJTNEJTIycmVzZXJ2ZXItYnRuLXBhZ2UlMjIlM0VSRVNFUlZFUiUzQyUyRmJ1dHRvbiUzRSUzQyUyRmElM0U=[\/vc_raw_html][vc_empty_space height=&#8221;150px&#8221;][\/vc_column][vc_column width=&#8221;1\/2&#8243; css=&#8221;.vc_custom_1486486450037{margin-right: 0px !important;margin-left: 0px !important;padding-right: 0px !important;padding-left: 0px !important;}&#8221;][vc_single_image image=&#8221;4096&#8243; img_size=&#8221;large&#8221;][vc_single_image image=&#8221;4098&#8243; img_size=&#8221;large&#8221;][vc_single_image image=&#8221;4069&#8243; img_size=&#8221;large&#8221;][vc_single_image image=&#8221;509&#8243; img_size=&#8221;full&#8221;][vc_single_image image=&#8221;3800&#8243; img_size=&#8221;large&#8221;][\/vc_column][\/vc_row][vc_row full_width=&#8221;stretch_row_content_no_spaces&#8221; css=&#8221;.vc_custom_1701431539153{padding-top: 120px !important;padding-right: 60px !important;padding-bottom: 120px !important;padding-left: 60px !important;background-color: #e8e5da !important;}&#8221;][vc_column][vc_column_text]<\/p>\n<h1 id=\"tw-target-text\" class=\"tw-data-text tw-text-large tw-ta\" dir=\"ltr\" style=\"text-align: center; margin-bottom: 1rem;\" data-placeholder=\"Traduction\" data-ved=\"2ahUKEwjU4tLEle6CAxX7VqQEHUMbDZwQ3ewLegQIBRAQ\"><span class=\"Y2IQFc\" lang=\"en\">Rebalancing massage with essential oils<\/span><\/h1>\n<p class=\"tw-data-text tw-text-large tw-ta\" dir=\"ltr\" style=\"text-align: center;\" data-placeholder=\"Traduction\" data-ved=\"2ahUKEwjU4tLEle6CAxX7VqQEHUMbDZwQ3ewLegQIBRAQ\"><span class=\"Y2IQFc\" lang=\"en\">with\u00a0<strong>Christopher Heilmann<\/strong>, relaxing treatment for the whole body. <strong>98 euros &#8211; 60 mins<br \/>\n<\/strong><\/span><em><span class=\"Y2IQFc\" lang=\"en\">Available Wednesday to Sunday from 8:30 a.m. to 1:00 p.m. \u2013 4:00 p.m. to 8:00 p.m.<br \/>\n<\/span><\/em><em><span class=\"Y2IQFc\" lang=\"en\">Reservation at reception.<\/span><\/em><\/p>\n<p>[\/vc_column_text][\/vc_column][\/vc_row]<\/p>\n<\/div>","protected":false},"excerpt":{"rendered":"<p>[vc_row full_width=&#8221;stretch_row_content_no_spaces&#8221; css=&#8221;.vc_custom_1486488184520{margin-right: 0px !important;margin-left: 0px !important;padding-right: 0px !important;padding-left: 0px !important;}&#8221;][vc_column width=&#8221;1\/2&#8243; css=&#8221;.vc_custom_1486549794313{margin-top: 0px !important;padding-right: 10px !important;padding-left: 10px !important;}&#8221; el_class=&#8221;fixed-column mCustomScrollbar&#8221;][vc_raw_html css=&#8221;.vc_custom_1486984008989{margin-top: 35px !important;margin-bottom: 10px !important;}&#8221;]JTNDYSUyMGNsYXNzJTNEJTIybWluaS1saW5rJTIyJTIwaHJlZiUzRCUyMiUyRmNoYW1icmVzJTIyJTNFdG91dGVzJTIwbGVzJTIwY2hhbWJyZXMlM0MlMkZhJTNF[\/vc_raw_html][vc_column_text css=&#8221;.vc_custom_1699438327775{margin-right: 0px !important;margin-bottom: 30px !important;margin-left: 0px !important;padding-right: 0px !important;padding-left: 0px !important;}&#8221; el_class=&#8221;chambre-list&#8221;] Chambre Deluxe \u00e0 grand lit ou \u00e0 2 lits Jolie chambre spacieuse et lumineuse de 24 m2 [&hellip;]<\/p>\n","protected":false},"author":1,"featured_media":0,"parent":0,"menu_order":0,"comment_status":"closed","ping_status":"closed","template":"","meta":{"_monsterinsights_skip_tracking":false,"_monsterinsights_sitenote_active":false,"_monsterinsights_sitenote_note":"","_monsterinsights_sitenote_category":0,"footnotes":""},"class_list":["post-2926","page","type-page","status-publish","hentry"],"yoast_head":"<!-- This site is optimized with the Yoast SEO plugin v18.1 - https:\/\/yoast.com\/wordpress\/plugins\/seo\/ -->\n<title>Chambre Deluxe &middot; HPLV Vezelay \u00b7 H\u00f4tel de la Poste et du Lion d&#039;Or \u00b7 Site Officiel<\/title>\n<meta name=\"robots\" content=\"index, follow, max-snippet:-1, max-image-preview:large, max-video-preview:-1\" \/>\n<link rel=\"canonical\" href=\"https:\/\/www.hplv-vezelay.com\/en\/chambre-deluxe\/\" \/>\n<meta property=\"og:locale\" content=\"en_US\" \/>\n<meta property=\"og:type\" content=\"article\" \/>\n<meta property=\"og:title\" content=\"Chambre Deluxe &middot; HPLV Vezelay \u00b7 H\u00f4tel de la Poste et du Lion d&#039;Or \u00b7 Site Officiel\" \/>\n<meta property=\"og:description\" content=\"[vc_row full_width=&#8221;stretch_row_content_no_spaces&#8221; css=&#8221;.vc_custom_1486488184520{margin-right: 0px !important;margin-left: 0px !important;padding-right: 0px !important;padding-left: 0px !important;}&#8221;][vc_column width=&#8221;1\/2&#8243; css=&#8221;.vc_custom_1486549794313{margin-top: 0px !important;padding-right: 10px !important;padding-left: 10px !important;}&#8221; el_class=&#8221;fixed-column mCustomScrollbar&#8221;][vc_raw_html css=&#8221;.vc_custom_1486984008989{margin-top: 35px !important;margin-bottom: 10px !important;}&#8221;]JTNDYSUyMGNsYXNzJTNEJTIybWluaS1saW5rJTIyJTIwaHJlZiUzRCUyMiUyRmNoYW1icmVzJTIyJTNFdG91dGVzJTIwbGVzJTIwY2hhbWJyZXMlM0MlMkZhJTNF[\/vc_raw_html][vc_column_text css=&#8221;.vc_custom_1699438327775{margin-right: 0px !important;margin-bottom: 30px !important;margin-left: 0px !important;padding-right: 0px !important;padding-left: 0px !important;}&#8221; el_class=&#8221;chambre-list&#8221;] Chambre Deluxe \u00e0 grand lit ou \u00e0 2 lits Jolie chambre spacieuse et lumineuse de 24 m2 [&hellip;]\" \/>\n<meta property=\"og:url\" content=\"https:\/\/www.hplv-vezelay.com\/en\/chambre-deluxe\/\" \/>\n<meta property=\"og:site_name\" content=\"HPLV Vezelay \u00b7 H\u00f4tel de la Poste et du Lion d&#039;Or \u00b7 Site Officiel\" \/>\n<meta property=\"article:publisher\" content=\"http:\/\/hplvvezelay\" \/>\n<meta property=\"article:modified_time\" content=\"2023-12-01T11:56:48+00:00\" \/>\n<meta name=\"twitter:card\" content=\"summary\" \/>\n<meta name=\"twitter:label1\" content=\"Est. reading time\" \/>\n\t<meta name=\"twitter:data1\" content=\"1 minute\" \/>\n<script type=\"application\/ld+json\" class=\"yoast-schema-graph\">{\"@context\":\"https:\/\/schema.org\",\"@graph\":[{\"@type\":\"WebSite\",\"@id\":\"https:\/\/www.hplv-vezelay.com\/#website\",\"url\":\"https:\/\/www.hplv-vezelay.com\/\",\"name\":\"HPLV Vezelay \u00b7 H\u00f4tel de la Poste et du Lion d&#039;Or \u00b7 Site Officiel\",\"description\":\"\",\"potentialAction\":[{\"@type\":\"SearchAction\",\"target\":{\"@type\":\"EntryPoint\",\"urlTemplate\":\"https:\/\/www.hplv-vezelay.com\/?s={search_term_string}\"},\"query-input\":\"required name=search_term_string\"}],\"inLanguage\":\"en-US\"},{\"@type\":\"WebPage\",\"@id\":\"https:\/\/www.hplv-vezelay.com\/en\/chambre-deluxe\/#webpage\",\"url\":\"https:\/\/www.hplv-vezelay.com\/en\/chambre-deluxe\/\",\"name\":\"Chambre Deluxe &middot; HPLV Vezelay \u00b7 H\u00f4tel de la Poste et du Lion d&#039;Or \u00b7 Site Officiel\",\"isPartOf\":{\"@id\":\"https:\/\/www.hplv-vezelay.com\/#website\"},\"datePublished\":\"2020-12-07T15:43:45+00:00\",\"dateModified\":\"2023-12-01T11:56:48+00:00\",\"breadcrumb\":{\"@id\":\"https:\/\/www.hplv-vezelay.com\/en\/chambre-deluxe\/#breadcrumb\"},\"inLanguage\":\"en-US\",\"potentialAction\":[{\"@type\":\"ReadAction\",\"target\":[\"https:\/\/www.hplv-vezelay.com\/en\/chambre-deluxe\/\"]}]},{\"@type\":\"BreadcrumbList\",\"@id\":\"https:\/\/www.hplv-vezelay.com\/en\/chambre-deluxe\/#breadcrumb\",\"itemListElement\":[{\"@type\":\"ListItem\",\"position\":1,\"name\":\"Accueil\",\"item\":\"https:\/\/www.hplv-vezelay.com\/en\/\"},{\"@type\":\"ListItem\",\"position\":2,\"name\":\"Chambre Deluxe\"}]}]}<\/script>\n<!-- \/ Yoast SEO plugin. -->","yoast_head_json":{"title":"Chambre Deluxe &middot; HPLV Vezelay \u00b7 H\u00f4tel de la Poste et du Lion d&#039;Or \u00b7 Site Officiel","robots":{"index":"index","follow":"follow","max-snippet":"max-snippet:-1","max-image-preview":"max-image-preview:large","max-video-preview":"max-video-preview:-1"},"canonical":"https:\/\/www.hplv-vezelay.com\/en\/chambre-deluxe\/","og_locale":"en_US","og_type":"article","og_title":"Chambre Deluxe &middot; HPLV Vezelay \u00b7 H\u00f4tel de la Poste et du Lion d&#039;Or \u00b7 Site Officiel","og_description":"[vc_row full_width=&#8221;stretch_row_content_no_spaces&#8221; css=&#8221;.vc_custom_1486488184520{margin-right: 0px !important;margin-left: 0px !important;padding-right: 0px !important;padding-left: 0px !important;}&#8221;][vc_column width=&#8221;1\/2&#8243; css=&#8221;.vc_custom_1486549794313{margin-top: 0px !important;padding-right: 10px !important;padding-left: 10px !important;}&#8221; el_class=&#8221;fixed-column mCustomScrollbar&#8221;][vc_raw_html css=&#8221;.vc_custom_1486984008989{margin-top: 35px !important;margin-bottom: 10px !important;}&#8221;]JTNDYSUyMGNsYXNzJTNEJTIybWluaS1saW5rJTIyJTIwaHJlZiUzRCUyMiUyRmNoYW1icmVzJTIyJTNFdG91dGVzJTIwbGVzJTIwY2hhbWJyZXMlM0MlMkZhJTNF[\/vc_raw_html][vc_column_text css=&#8221;.vc_custom_1699438327775{margin-right: 0px !important;margin-bottom: 30px !important;margin-left: 0px !important;padding-right: 0px !important;padding-left: 0px !important;}&#8221; el_class=&#8221;chambre-list&#8221;] Chambre Deluxe \u00e0 grand lit ou \u00e0 2 lits Jolie chambre spacieuse et lumineuse de 24 m2 [&hellip;]","og_url":"https:\/\/www.hplv-vezelay.com\/en\/chambre-deluxe\/","og_site_name":"HPLV Vezelay \u00b7 H\u00f4tel de la Poste et du Lion d&#039;Or \u00b7 Site Officiel","article_publisher":"http:\/\/hplvvezelay","article_modified_time":"2023-12-01T11:56:48+00:00","twitter_card":"summary","twitter_misc":{"Est. reading time":"1 minute"},"schema":{"@context":"https:\/\/schema.org","@graph":[{"@type":"WebSite","@id":"https:\/\/www.hplv-vezelay.com\/#website","url":"https:\/\/www.hplv-vezelay.com\/","name":"HPLV Vezelay \u00b7 H\u00f4tel de la Poste et du Lion d&#039;Or \u00b7 Site Officiel","description":"","potentialAction":[{"@type":"SearchAction","target":{"@type":"EntryPoint","urlTemplate":"https:\/\/www.hplv-vezelay.com\/?s={search_term_string}"},"query-input":"required name=search_term_string"}],"inLanguage":"en-US"},{"@type":"WebPage","@id":"https:\/\/www.hplv-vezelay.com\/en\/chambre-deluxe\/#webpage","url":"https:\/\/www.hplv-vezelay.com\/en\/chambre-deluxe\/","name":"Chambre Deluxe &middot; HPLV Vezelay \u00b7 H\u00f4tel de la Poste et du Lion d&#039;Or \u00b7 Site Officiel","isPartOf":{"@id":"https:\/\/www.hplv-vezelay.com\/#website"},"datePublished":"2020-12-07T15:43:45+00:00","dateModified":"2023-12-01T11:56:48+00:00","breadcrumb":{"@id":"https:\/\/www.hplv-vezelay.com\/en\/chambre-deluxe\/#breadcrumb"},"inLanguage":"en-US","potentialAction":[{"@type":"ReadAction","target":["https:\/\/www.hplv-vezelay.com\/en\/chambre-deluxe\/"]}]},{"@type":"BreadcrumbList","@id":"https:\/\/www.hplv-vezelay.com\/en\/chambre-deluxe\/#breadcrumb","itemListElement":[{"@type":"ListItem","position":1,"name":"Accueil","item":"https:\/\/www.hplv-vezelay.com\/en\/"},{"@type":"ListItem","position":2,"name":"Chambre Deluxe"}]}]}},"_links":{"self":[{"href":"https:\/\/www.hplv-vezelay.com\/en\/wp-json\/wp\/v2\/pages\/2926","targetHints":{"allow":["GET"]}}],"collection":[{"href":"https:\/\/www.hplv-vezelay.com\/en\/wp-json\/wp\/v2\/pages"}],"about":[{"href":"https:\/\/www.hplv-vezelay.com\/en\/wp-json\/wp\/v2\/types\/page"}],"author":[{"embeddable":true,"href":"https:\/\/www.hplv-vezelay.com\/en\/wp-json\/wp\/v2\/users\/1"}],"replies":[{"embeddable":true,"href":"https:\/\/www.hplv-vezelay.com\/en\/wp-json\/wp\/v2\/comments?post=2926"}],"version-history":[{"count":7,"href":"https:\/\/www.hplv-vezelay.com\/en\/wp-json\/wp\/v2\/pages\/2926\/revisions"}],"predecessor-version":[{"id":4160,"href":"https:\/\/www.hplv-vezelay.com\/en\/wp-json\/wp\/v2\/pages\/2926\/revisions\/4160"}],"wp:attachment":[{"href":"https:\/\/www.hplv-vezelay.com\/en\/wp-json\/wp\/v2\/media?parent=2926"}],"curies":[{"name":"wp","href":"https:\/\/api.w.org\/{rel}","templated":true}]}}